{"id":188,"date":"2025-10-08T11:53:09","date_gmt":"2025-10-08T09:53:09","guid":{"rendered":"https:\/\/coupigny-traiteur.pre-prod.ocean-communication.com\/?page_id=188"},"modified":"2025-10-09T14:13:19","modified_gmt":"2025-10-09T12:13:19","slug":"a-propos","status":"publish","type":"page","link":"https:\/\/coupigny-traiteur.pre-prod.ocean-communication.com\/index.php\/a-propos\/","title":{"rendered":"A propos"},"content":{"rendered":"\t\t<div data-elementor-type=\"wp-page\" data-elementor-id=\"188\" class=\"elementor elementor-188\" data-elementor-post-type=\"page\">\n\t\t\t\t<div class=\"elementor-element elementor-element-55f7b588 e-flex e-con-boxed e-con e-parent\" data-id=\"55f7b588\" data-element_type=\"container\" data-settings=\"{&quot;background_background&quot;:&quot;classic&quot;}\">\n\t\t\t\t\t<div class=\"e-con-inner\">\n\t\t\t\t<div class=\"elementor-element elementor-element-6cffdea6 elementor-widget__width-inherit elementor-invisible elementor-widget elementor-widget-heading\" data-id=\"6cffdea6\" data-element_type=\"widget\" data-settings=\"{&quot;_animation&quot;:&quot;fadeIn&quot;}\" data-widget_type=\"heading.default\">\n\t\t\t\t\t<h1 class=\"elementor-heading-title elementor-size-default\">A propos - Coupigny Traiteur<\/h1>\t\t\t\t<\/div>\n\t\t\t\t<div class=\"elementor-element elementor-element-2e02e5fe elementor-icon-list--layout-inline elementor-align-center elementor-list-item-link-full_width elementor-invisible elementor-widget elementor-widget-icon-list\" data-id=\"2e02e5fe\" data-element_type=\"widget\" data-settings=\"{&quot;_animation&quot;:&quot;fadeIn&quot;,&quot;_animation_delay&quot;:200}\" data-widget_type=\"icon-list.default\">\n\t\t\t\t\t\t\t<ul class=\"elementor-icon-list-items elementor-inline-items\">\n\t\t\t\t\t\t\t<li class=\"elementor-icon-list-item elementor-inline-item\">\n\t\t\t\t\t\t\t\t\t\t\t<a href=\"#\">\n\n\t\t\t\t\t\t\t\t\t\t\t<span class=\"elementor-icon-list-text\">Accueil<\/span>\n\t\t\t\t\t\t\t\t\t\t\t<\/a>\n\t\t\t\t\t\t\t\t\t<\/li>\n\t\t\t\t\t\t\t\t<li class=\"elementor-icon-list-item elementor-inline-item\">\n\t\t\t\t\t\t\t\t\t\t\t<a href=\"#\">\n\n\t\t\t\t\t\t\t\t\t\t\t\t<span class=\"elementor-icon-list-icon\">\n\t\t\t\t\t\t\t<svg aria-hidden=\"true\" class=\"e-font-icon-svg e-fas-circle\" viewBox=\"0 0 512 512\" xmlns=\"http:\/\/www.w3.org\/2000\/svg\"><path d=\"M256 8C119 8 8 119 8 256s111 248 248 248 248-111 248-248S393 8 256 8z\"><\/path><\/svg>\t\t\t\t\t\t<\/span>\n\t\t\t\t\t\t\t\t\t\t<span class=\"elementor-icon-list-text\">A propos<\/span>\n\t\t\t\t\t\t\t\t\t\t\t<\/a>\n\t\t\t\t\t\t\t\t\t<\/li>\n\t\t\t\t\t\t<\/ul>\n\t\t\t\t\t\t<\/div>\n\t\t\t\t\t<\/div>\n\t\t\t\t<\/div>\n\t\t<div class=\"elementor-element elementor-element-6181bc41 e-flex e-con-boxed e-con e-parent\" data-id=\"6181bc41\" data-element_type=\"container\">\n\t\t\t\t\t<div class=\"e-con-inner\">\n\t\t\t\t<div class=\"elementor-element elementor-element-bd19dde elementor-widget__width-inherit elementor-invisible elementor-widget elementor-widget-text-editor\" data-id=\"bd19dde\" data-element_type=\"widget\" data-settings=\"{&quot;_animation&quot;:&quot;fadeIn&quot;}\" data-widget_type=\"text-editor.default\">\n\t\t\t\t\t\t\t\t\t<p>A PROPOS<\/p>\t\t\t\t\t\t\t\t<\/div>\n\t\t\t\t<div class=\"elementor-element elementor-element-7e29f89 elementor-widget__width-inherit elementor-invisible elementor-widget elementor-widget-heading\" data-id=\"7e29f89\" data-element_type=\"widget\" data-settings=\"{&quot;_animation&quot;:&quot;fadeIn&quot;,&quot;_animation_delay&quot;:200}\" data-widget_type=\"heading.default\">\n\t\t\t\t\t<h2 class=\"elementor-heading-title elementor-size-default\">Coupigny Traiteur, l\u2019alliance du go\u00fbt et de l\u2019\u00e9l\u00e9gance <\/h2>\t\t\t\t<\/div>\n\t\t\t\t<div class=\"elementor-element elementor-element-53774b52 elementor-widget__width-inherit elementor-invisible elementor-widget elementor-widget-text-editor\" data-id=\"53774b52\" data-element_type=\"widget\" data-settings=\"{&quot;_animation&quot;:&quot;fadeIn&quot;,&quot;_animation_delay&quot;:400}\" data-widget_type=\"text-editor.default\">\n\t\t\t\t\t\t\t\t\t<p>Depuis 1997, S\u00e9bastien Coupigny, traiteur \u00e0 Rouen, met son savoir-faire et sa passion au coeur de chaque r\u00e9ception, qu\u2019elle soit priv\u00e9e ou professionnelle.<\/p><p>Alliant tradition culinaire et cr\u00e9ativit\u00e9, nous cr\u00e9ons des exp\u00e9riences gustatives uniques, adapt\u00e9es \u00e0 vos envies et \u00e0 vos besoins. Notre \u00e9quipe d\u00e9vou\u00e9e vous accompagne avec rigueur et \u00e9l\u00e9gance pour faire de chaque instant un moment inoubliable.<\/p>\t\t\t\t\t\t\t\t<\/div>\n\t\t<div class=\"elementor-element elementor-element-a45d4bb e-con-full e-flex elementor-invisible e-con e-child\" data-id=\"a45d4bb\" data-element_type=\"container\" data-settings=\"{&quot;animation&quot;:&quot;fadeIn&quot;,&quot;animation_delay&quot;:600}\">\n\t\t<div class=\"elementor-element elementor-element-1aee7fd e-con-full e-flex e-con e-child\" data-id=\"1aee7fd\" data-element_type=\"container\">\n\t\t\t\t<div class=\"elementor-element elementor-element-d2283ac elementor-widget elementor-widget-image\" data-id=\"d2283ac\" data-element_type=\"widget\" data-widget_type=\"image.default\">\n\t\t\t\t\t\t\t\t\t\t\t\t\t\t\t<img fetchpriority=\"high\" decoding=\"async\" width=\"7952\" height=\"5304\" src=\"https:\/\/coupigny-traiteur.pre-prod.ocean-communication.com\/wp-content\/uploads\/2025\/10\/le-chef-versant-de-la-sauce-speciale-sur-les-cotes-de-porc-dans-la-cuisine.jpg\" class=\"attachment-full size-full wp-image-164\" alt=\"Traiteur Normandie\" srcset=\"https:\/\/coupigny-traiteur.pre-prod.ocean-communication.com\/wp-content\/uploads\/2025\/10\/le-chef-versant-de-la-sauce-speciale-sur-les-cotes-de-porc-dans-la-cuisine.jpg 7952w, https:\/\/coupigny-traiteur.pre-prod.ocean-communication.com\/wp-content\/uploads\/2025\/10\/le-chef-versant-de-la-sauce-speciale-sur-les-cotes-de-porc-dans-la-cuisine-300x200.jpg 300w, https:\/\/coupigny-traiteur.pre-prod.ocean-communication.com\/wp-content\/uploads\/2025\/10\/le-chef-versant-de-la-sauce-speciale-sur-les-cotes-de-porc-dans-la-cuisine-1024x683.jpg 1024w, https:\/\/coupigny-traiteur.pre-prod.ocean-communication.com\/wp-content\/uploads\/2025\/10\/le-chef-versant-de-la-sauce-speciale-sur-les-cotes-de-porc-dans-la-cuisine-768x512.jpg 768w, https:\/\/coupigny-traiteur.pre-prod.ocean-communication.com\/wp-content\/uploads\/2025\/10\/le-chef-versant-de-la-sauce-speciale-sur-les-cotes-de-porc-dans-la-cuisine-1536x1025.jpg 1536w\" sizes=\"(max-width: 7952px) 100vw, 7952px\" \/>\t\t\t\t\t\t\t\t\t\t\t\t\t\t\t<\/div>\n\t\t\t\t<\/div>\n\t\t<div class=\"elementor-element elementor-element-7efb76d e-con-full e-flex e-con e-child\" data-id=\"7efb76d\" data-element_type=\"container\">\n\t\t\t\t<div class=\"elementor-element elementor-element-10a923e elementor-widget elementor-widget-text-editor\" data-id=\"10a923e\" data-element_type=\"widget\" data-widget_type=\"text-editor.default\">\n\t\t\t\t\t\t\t\t\t<p>Notre mission : sublimer vos instants pr\u00e9cieux avec une cuisine raffin\u00e9e et un service irr\u00e9prochable.<\/p>\t\t\t\t\t\t\t\t<\/div>\n\t\t\t\t<div class=\"elementor-element elementor-element-df0b0ae elementor-widget elementor-widget-text-editor\" data-id=\"df0b0ae\" data-element_type=\"widget\" data-widget_type=\"text-editor.default\">\n\t\t\t\t\t\t\t\t\t<p>S\u00e9bastien Coupigny<\/p>\t\t\t\t\t\t\t\t<\/div>\n\t\t\t\t<div class=\"elementor-element elementor-element-0229628 elementor-view-default elementor-widget elementor-widget-icon\" data-id=\"0229628\" data-element_type=\"widget\" data-widget_type=\"icon.default\">\n\t\t\t\t\t\t\t<div class=\"elementor-icon-wrapper\">\n\t\t\t<div class=\"elementor-icon\">\n\t\t\t<i aria-hidden=\"true\" class=\"icon icon-testimonial-quote\"><\/i>\t\t\t<\/div>\n\t\t<\/div>\n\t\t\t\t\t\t<\/div>\n\t\t\t\t<\/div>\n\t\t\t\t<\/div>\n\t\t<div class=\"elementor-element elementor-element-49632c27 e-con-full e-flex e-con e-child\" data-id=\"49632c27\" data-element_type=\"container\">\n\t\t\t\t<div class=\"elementor-element elementor-element-12d91b87 elementor-invisible elementor-widget elementor-widget-image-carousel\" data-id=\"12d91b87\" data-element_type=\"widget\" data-settings=\"{&quot;slides_to_show&quot;:&quot;2&quot;,&quot;slides_to_show_tablet&quot;:&quot;2&quot;,&quot;slides_to_show_mobile&quot;:&quot;1&quot;,&quot;slides_to_scroll&quot;:&quot;1&quot;,&quot;navigation&quot;:&quot;none&quot;,&quot;image_spacing_custom&quot;:{&quot;unit&quot;:&quot;px&quot;,&quot;size&quot;:30,&quot;sizes&quot;:[]},&quot;image_spacing_custom_tablet&quot;:{&quot;unit&quot;:&quot;px&quot;,&quot;size&quot;:30,&quot;sizes&quot;:[]},&quot;_animation&quot;:&quot;fadeIn&quot;,&quot;autoplay&quot;:&quot;yes&quot;,&quot;pause_on_hover&quot;:&quot;yes&quot;,&quot;pause_on_interaction&quot;:&quot;yes&quot;,&quot;autoplay_speed&quot;:5000,&quot;infinite&quot;:&quot;yes&quot;,&quot;speed&quot;:500}\" data-widget_type=\"image-carousel.default\">\n\t\t\t\t\t\t\t<div class=\"elementor-image-carousel-wrapper swiper\" role=\"region\" aria-roledescription=\"carousel\" aria-label=\"Carrousel d\u2019images\" dir=\"ltr\">\n\t\t\t<div class=\"elementor-image-carousel swiper-wrapper\" aria-live=\"off\">\n\t\t\t\t\t\t\t\t<div class=\"swiper-slide\" role=\"group\" aria-roledescription=\"slide\" aria-label=\"1 sur 2\"><figure class=\"swiper-slide-inner\"><img decoding=\"async\" class=\"swiper-slide-image\" src=\"https:\/\/coupigny-traiteur.pre-prod.ocean-communication.com\/wp-content\/uploads\/2025\/10\/service-de-table-de-restauration-au-restaurant-avant-la-fete-1024x683.jpg\" alt=\"Coupigny Traiteur - photo\" \/><\/figure><\/div><div class=\"swiper-slide\" role=\"group\" aria-roledescription=\"slide\" aria-label=\"2 sur 2\"><figure class=\"swiper-slide-inner\"><img decoding=\"async\" class=\"swiper-slide-image\" src=\"https:\/\/coupigny-traiteur.pre-prod.ocean-communication.com\/wp-content\/uploads\/2025\/10\/snacks-et-aperitifs-de-restauration-joliment-decores-1024x683.jpg\" alt=\"Beautifully decorated catering banquet table with different food snacks and appetizers with sandwich, caviar, fresh fruits on corporate christmas birthday party event or wedding celebration.\" \/><\/figure><\/div>\t\t\t<\/div>\n\t\t\t\t\t\t\t\n\t\t\t\t\t\t\t\t\t<\/div>\n\t\t\t\t\t\t<\/div>\n\t\t\t\t<\/div>\n\t\t\t\t\t<\/div>\n\t\t\t\t<\/div>\n\t\t<div class=\"elementor-element elementor-element-fc55289 e-flex e-con-boxed e-con e-parent\" data-id=\"fc55289\" data-element_type=\"container\">\n\t\t\t\t\t<div class=\"e-con-inner\">\n\t\t<div class=\"elementor-element elementor-element-539b546 e-con-full e-flex elementor-invisible e-con e-child\" data-id=\"539b546\" data-element_type=\"container\" data-settings=\"{&quot;background_background&quot;:&quot;classic&quot;,&quot;animation&quot;:&quot;fadeIn&quot;}\">\n\t\t<div class=\"elementor-element elementor-element-dea7e0a e-con-full e-flex elementor-invisible e-con e-child\" data-id=\"dea7e0a\" data-element_type=\"container\" data-settings=\"{&quot;animation&quot;:&quot;fadeIn&quot;}\">\n\t\t\t\t<div class=\"elementor-element elementor-element-576ed14 elementor-widget elementor-widget-counter\" data-id=\"576ed14\" data-element_type=\"widget\" data-widget_type=\"counter.default\">\n\t\t\t\t\t\t\t<div class=\"elementor-counter\">\n\t\t\t<div class=\"elementor-counter-title\">Ann\u00e9es d'exp\u00e9rience<\/div>\t\t\t<div class=\"elementor-counter-number-wrapper\">\n\t\t\t\t<span class=\"elementor-counter-number-prefix\"><\/span>\n\t\t\t\t<span class=\"elementor-counter-number\" data-duration=\"2000\" data-to-value=\"25\" data-from-value=\"0\" data-delimiter=\",\">0<\/span>\n\t\t\t\t<span class=\"elementor-counter-number-suffix\">+<\/span>\n\t\t\t<\/div>\n\t\t<\/div>\n\t\t\t\t\t\t<\/div>\n\t\t\t\t<\/div>\n\t\t<div class=\"elementor-element elementor-element-459a5cc e-con-full e-flex elementor-invisible e-con e-child\" data-id=\"459a5cc\" data-element_type=\"container\" data-settings=\"{&quot;animation&quot;:&quot;fadeIn&quot;,&quot;animation_delay&quot;:100}\">\n\t\t\t\t<div class=\"elementor-element elementor-element-25e105e elementor-widget elementor-widget-counter\" data-id=\"25e105e\" data-element_type=\"widget\" data-widget_type=\"counter.default\">\n\t\t\t\t\t\t\t<div class=\"elementor-counter\">\n\t\t\t<div class=\"elementor-counter-title\">Ev\u00e9nements organis\u00e9s<\/div>\t\t\t<div class=\"elementor-counter-number-wrapper\">\n\t\t\t\t<span class=\"elementor-counter-number-prefix\"><\/span>\n\t\t\t\t<span class=\"elementor-counter-number\" data-duration=\"2000\" data-to-value=\"500\" data-from-value=\"0\" data-delimiter=\",\">0<\/span>\n\t\t\t\t<span class=\"elementor-counter-number-suffix\">+<\/span>\n\t\t\t<\/div>\n\t\t<\/div>\n\t\t\t\t\t\t<\/div>\n\t\t\t\t<\/div>\n\t\t<div class=\"elementor-element elementor-element-02aa774 e-con-full e-flex elementor-invisible e-con e-child\" data-id=\"02aa774\" data-element_type=\"container\" data-settings=\"{&quot;animation&quot;:&quot;fadeIn&quot;,&quot;animation_delay&quot;:200}\">\n\t\t\t\t<div class=\"elementor-element elementor-element-5ec32a0 elementor-widget elementor-widget-counter\" data-id=\"5ec32a0\" data-element_type=\"widget\" data-widget_type=\"counter.default\">\n\t\t\t\t\t\t\t<div class=\"elementor-counter\">\n\t\t\t<div class=\"elementor-counter-title\">Formules personnalis\u00e9es<\/div>\t\t\t<div class=\"elementor-counter-number-wrapper\">\n\t\t\t\t<span class=\"elementor-counter-number-prefix\"><\/span>\n\t\t\t\t<span class=\"elementor-counter-number\" data-duration=\"2000\" data-to-value=\"3\" data-from-value=\"0\" data-delimiter=\",\">0<\/span>\n\t\t\t\t<span class=\"elementor-counter-number-suffix\"><\/span>\n\t\t\t<\/div>\n\t\t<\/div>\n\t\t\t\t\t\t<\/div>\n\t\t\t\t<\/div>\n\t\t<div class=\"elementor-element elementor-element-996bca9 e-con-full e-flex elementor-invisible e-con e-child\" data-id=\"996bca9\" data-element_type=\"container\" data-settings=\"{&quot;animation&quot;:&quot;fadeIn&quot;,&quot;animation_delay&quot;:300}\">\n\t\t\t\t<div class=\"elementor-element elementor-element-38f3c84 elementor-widget elementor-widget-counter\" data-id=\"38f3c84\" data-element_type=\"widget\" data-widget_type=\"counter.default\">\n\t\t\t\t\t\t\t<div class=\"elementor-counter\">\n\t\t\t<div class=\"elementor-counter-title\">Livraison gratuite<\/div>\t\t\t<div class=\"elementor-counter-number-wrapper\">\n\t\t\t\t<span class=\"elementor-counter-number-prefix\"><\/span>\n\t\t\t\t<span class=\"elementor-counter-number\" data-duration=\"2000\" data-to-value=\"20\" data-from-value=\"0\" data-delimiter=\",\">0<\/span>\n\t\t\t\t<span class=\"elementor-counter-number-suffix\">km<\/span>\n\t\t\t<\/div>\n\t\t<\/div>\n\t\t\t\t\t\t<\/div>\n\t\t\t\t<\/div>\n\t\t\t\t<\/div>\n\t\t\t\t\t<\/div>\n\t\t\t\t<\/div>\n\t\t<div class=\"elementor-element elementor-element-72d8c39 e-flex e-con-boxed e-con e-parent\" data-id=\"72d8c39\" data-element_type=\"container\" data-settings=\"{&quot;background_background&quot;:&quot;classic&quot;}\">\n\t\t\t\t\t<div class=\"e-con-inner\">\n\t\t\t\t<div class=\"elementor-element elementor-element-6ddaae5 elementor-widget__width-inherit elementor-invisible elementor-widget elementor-widget-text-editor\" data-id=\"6ddaae5\" data-element_type=\"widget\" data-settings=\"{&quot;_animation&quot;:&quot;fadeIn&quot;}\" data-widget_type=\"text-editor.default\">\n\t\t\t\t\t\t\t\t\t<p>L\u2019EXCELLENCE<\/p>\t\t\t\t\t\t\t\t<\/div>\n\t\t\t\t<div class=\"elementor-element elementor-element-cef8db8 elementor-widget__width-inherit elementor-invisible elementor-widget elementor-widget-heading\" data-id=\"cef8db8\" data-element_type=\"widget\" data-settings=\"{&quot;_animation&quot;:&quot;fadeIn&quot;,&quot;_animation_delay&quot;:200}\" data-widget_type=\"heading.default\">\n\t\t\t\t\t<h2 class=\"elementor-heading-title elementor-size-default\">Une cuisine raffin\u00e9e, partout o\u00f9 vous \u00eates<\/h2>\t\t\t\t<\/div>\n\t\t\t\t<div class=\"elementor-element elementor-element-c5e164e elementor-widget__width-inherit elementor-invisible elementor-widget elementor-widget-text-editor\" data-id=\"c5e164e\" data-element_type=\"widget\" data-settings=\"{&quot;_animation&quot;:&quot;fadeIn&quot;,&quot;_animation_delay&quot;:400}\" data-widget_type=\"text-editor.default\">\n\t\t\t\t\t\t\t\t\t<p>Chez\u00a0Coupigny Traiteur, l\u2019excellence culinaire se m\u00eale \u00e0 l\u2019originalit\u00e9 pour sublimer chacun de vos \u00e9v\u00e9nements. Nos menus sont \u00e9labor\u00e9s avec soin \u00e0 partir de\u00a0produits frais, locaux et de saison, pour une cuisine \u00e0 la fois\u00a0g\u00e9n\u00e9reuse, cr\u00e9ative et \u00e9l\u00e9gante.<br \/><br \/>Nous intervenons dans toute la\u00a0Normandie\u00a0(Seine-Maritime et Eure) ainsi qu\u2019\u00e0\u00a0Paris et en \u00cele-de-France\u00a0(Yvelines, Hauts-de-Seine\u2026). Quel que soit le lieu de votre r\u00e9ception, nous mettons notre savoir-faire et notre exigence au service d\u2019un\u00a0moment unique et inoubliable.<\/p>\t\t\t\t\t\t\t\t<\/div>\n\t\t\t\t\t<\/div>\n\t\t\t\t<\/div>\n\t\t<div class=\"elementor-element elementor-element-78bfa7b e-con-full e-flex elementor-invisible e-con e-parent\" data-id=\"78bfa7b\" data-element_type=\"container\" data-settings=\"{&quot;animation&quot;:&quot;fadeIn&quot;}\">\n\t\t<div class=\"elementor-element elementor-element-5c67a84 e-con-full e-flex e-con e-child\" data-id=\"5c67a84\" data-element_type=\"container\" data-settings=\"{&quot;background_background&quot;:&quot;classic&quot;}\">\n\t\t\t\t<div class=\"elementor-element elementor-element-6179b1d elementor-widget-divider--view-line elementor-widget elementor-widget-divider\" data-id=\"6179b1d\" data-element_type=\"widget\" data-widget_type=\"divider.default\">\n\t\t\t\t\t\t\t<div class=\"elementor-divider\">\n\t\t\t<span class=\"elementor-divider-separator\">\n\t\t\t\t\t\t<\/span>\n\t\t<\/div>\n\t\t\t\t\t\t<\/div>\n\t\t\t\t<\/div>\n\t\t<div class=\"elementor-element elementor-element-21f03e0 e-con-full e-flex e-con e-child\" data-id=\"21f03e0\" data-element_type=\"container\" data-settings=\"{&quot;background_background&quot;:&quot;classic&quot;}\">\n\t\t\t\t<div class=\"elementor-element elementor-element-175d95a elementor-widget elementor-widget-heading\" data-id=\"175d95a\" data-element_type=\"widget\" data-widget_type=\"heading.default\">\n\t\t\t\t\t<div class=\"elementor-heading-title elementor-size-default\">Un \u00e9v\u00e8nement ? <\/div>\t\t\t\t<\/div>\n\t\t\t\t<div class=\"elementor-element elementor-element-46c38d9 elementor-align-center elementor-icon-list--layout-traditional elementor-list-item-link-full_width elementor-widget elementor-widget-icon-list\" data-id=\"46c38d9\" data-element_type=\"widget\" data-widget_type=\"icon-list.default\">\n\t\t\t\t\t\t\t<ul class=\"elementor-icon-list-items\">\n\t\t\t\t\t\t\t<li class=\"elementor-icon-list-item\">\n\t\t\t\t\t\t\t\t\t\t\t<a href=\"#\">\n\n\t\t\t\t\t\t\t\t\t\t\t<span class=\"elementor-icon-list-text\">61 Bd Stanislas Girardin, 76140 Le Petit-Quevilly<\/span>\n\t\t\t\t\t\t\t\t\t\t\t<\/a>\n\t\t\t\t\t\t\t\t\t<\/li>\n\t\t\t\t\t\t\t\t<li class=\"elementor-icon-list-item\">\n\t\t\t\t\t\t\t\t\t\t\t<a href=\"tel:0660760694\">\n\n\t\t\t\t\t\t\t\t\t\t\t<span class=\"elementor-icon-list-text\">06 60 76 06 94<\/span>\n\t\t\t\t\t\t\t\t\t\t\t<\/a>\n\t\t\t\t\t\t\t\t\t<\/li>\n\t\t\t\t\t\t\t\t<li class=\"elementor-icon-list-item\">\n\t\t\t\t\t\t\t\t\t\t\t<a href=\"mailto:coupignytraiteur@torac.com\">\n\n\t\t\t\t\t\t\t\t\t\t\t<span class=\"elementor-icon-list-text\">coupignytraiteur@torac.com<\/span>\n\t\t\t\t\t\t\t\t\t\t\t<\/a>\n\t\t\t\t\t\t\t\t\t<\/li>\n\t\t\t\t\t\t<\/ul>\n\t\t\t\t\t\t<\/div>\n\t\t\t\t<div class=\"elementor-element elementor-element-eedd4cf elementor-align-center elementor-mobile-align-center elementor-invisible elementor-widget elementor-widget-button\" data-id=\"eedd4cf\" data-element_type=\"widget\" data-settings=\"{&quot;_animation&quot;:&quot;fadeIn&quot;,&quot;_animation_delay&quot;:600}\" data-widget_type=\"button.default\">\n\t\t\t\t\t\t\t\t\t\t<a class=\"elementor-button elementor-button-link elementor-size-sm\" href=\"#\">\n\t\t\t\t\t\t<span class=\"elementor-button-content-wrapper\">\n\t\t\t\t\t\t\t\t\t<span class=\"elementor-button-text\">Contactez-nous<\/span>\n\t\t\t\t\t<\/span>\n\t\t\t\t\t<\/a>\n\t\t\t\t\t\t\t\t<\/div>\n\t\t\t\t<\/div>\n\t\t<div class=\"elementor-element elementor-element-b98a679 e-con-full e-flex e-con e-child\" data-id=\"b98a679\" data-element_type=\"container\" data-settings=\"{&quot;background_background&quot;:&quot;classic&quot;}\">\n\t\t<div class=\"elementor-element elementor-element-90b606b e-con-full e-flex e-con e-child\" data-id=\"90b606b\" data-element_type=\"container\" data-settings=\"{&quot;background_background&quot;:&quot;classic&quot;}\">\n\t\t\t\t<div class=\"elementor-element elementor-element-a12a3c0 elementor-widget-divider--view-line elementor-widget elementor-widget-divider\" data-id=\"a12a3c0\" data-element_type=\"widget\" data-widget_type=\"divider.default\">\n\t\t\t\t\t\t\t<div class=\"elementor-divider\">\n\t\t\t<span class=\"elementor-divider-separator\">\n\t\t\t\t\t\t<\/span>\n\t\t<\/div>\n\t\t\t\t\t\t<\/div>\n\t\t\t\t<\/div>\n\t\t<div class=\"elementor-element elementor-element-ad326e4 e-flex e-con-boxed e-con e-child\" data-id=\"ad326e4\" data-element_type=\"container\" data-settings=\"{&quot;background_background&quot;:&quot;classic&quot;}\">\n\t\t\t\t\t<div class=\"e-con-inner\">\n\t\t\t\t<div class=\"elementor-element elementor-element-577b9f8 elementor-widget-divider--view-line elementor-widget elementor-widget-divider\" data-id=\"577b9f8\" data-element_type=\"widget\" data-widget_type=\"divider.default\">\n\t\t\t\t\t\t\t<div class=\"elementor-divider\">\n\t\t\t<span class=\"elementor-divider-separator\">\n\t\t\t\t\t\t<\/span>\n\t\t<\/div>\n\t\t\t\t\t\t<\/div>\n\t\t\t\t\t<\/div>\n\t\t\t\t<\/div>\n\t\t\t\t<\/div>\n\t\t\t\t<\/div>\n\t\t\t\t<\/div>\n\t\t","protected":false},"excerpt":{"rendered":"<p>A propos &#8211; Coupigny Traiteur Accueil A propos A PROPOS Coupigny Traiteur, l\u2019alliance du go\u00fbt et de l\u2019\u00e9l\u00e9gance Depuis 1997, S\u00e9bastien Coupigny, traiteur \u00e0 Rouen, met son savoir-faire et sa passion au coeur de chaque r\u00e9ception, qu\u2019elle soit priv\u00e9e ou professionnelle. Alliant tradition culinaire et cr\u00e9ativit\u00e9, nous cr\u00e9ons des exp\u00e9riences gustatives uniques, adapt\u00e9es \u00e0 vos [&hellip;]<\/p>\n","protected":false},"author":1,"featured_media":0,"parent":0,"menu_order":0,"comment_status":"closed","ping_status":"closed","template":"elementor_header_footer","meta":{"footnotes":""},"class_list":["post-188","page","type-page","status-publish","hentry"],"_links":{"self":[{"href":"https:\/\/coupigny-traiteur.pre-prod.ocean-communication.com\/index.php\/wp-json\/wp\/v2\/pages\/188","targetHints":{"allow":["GET"]}}],"collection":[{"href":"https:\/\/coupigny-traiteur.pre-prod.ocean-communication.com\/index.php\/wp-json\/wp\/v2\/pages"}],"about":[{"href":"https:\/\/coupigny-traiteur.pre-prod.ocean-communication.com\/index.php\/wp-json\/wp\/v2\/types\/page"}],"author":[{"embeddable":true,"href":"https:\/\/coupigny-traiteur.pre-prod.ocean-communication.com\/index.php\/wp-json\/wp\/v2\/users\/1"}],"replies":[{"embeddable":true,"href":"https:\/\/coupigny-traiteur.pre-prod.ocean-communication.com\/index.php\/wp-json\/wp\/v2\/comments?post=188"}],"version-history":[{"count":28,"href":"https:\/\/coupigny-traiteur.pre-prod.ocean-communication.com\/index.php\/wp-json\/wp\/v2\/pages\/188\/revisions"}],"predecessor-version":[{"id":498,"href":"https:\/\/coupigny-traiteur.pre-prod.ocean-communication.com\/index.php\/wp-json\/wp\/v2\/pages\/188\/revisions\/498"}],"wp:attachment":[{"href":"https:\/\/coupigny-traiteur.pre-prod.ocean-communication.com\/index.php\/wp-json\/wp\/v2\/media?parent=188"}],"curies":[{"name":"wp","href":"https:\/\/api.w.org\/{rel}","templated":true}]}}